{"id":1707,"date":"2020-09-14T16:50:25","date_gmt":"2020-09-14T16:50:25","guid":{"rendered":"http:\/\/kajokas.lt\/?page_id=1707"},"modified":"2020-10-23T10:27:48","modified_gmt":"2020-10-23T10:27:48","slug":"apie-mus","status":"publish","type":"page","link":"https:\/\/kajokas.lt\/?page_id=1707","title":{"rendered":"Apie mus"},"content":{"rendered":"<div class=\"wpb-content-wrapper\"><p>[vc_row full_width=&#8221;stretch_row_content_no_spaces&#8221; content_animation=&#8221;yes&#8221; mo_init_scale_x=&#8221;1&#8243; mo_init_scale_y=&#8221;1&#8243; mo_init_scale_z=&#8221;1&#8243; mo_init_opacity=&#8221;1&#8243; mo_an_scale_x=&#8221;1&#8243; mo_an_scale_y=&#8221;1&#8243; mo_an_scale_z=&#8221;1&#8243; mo_an_opacity=&#8221;1&#8243; mo_color_separator=&#8221;#81d742&#8243; separator_color=&#8221;primary&#8221; row_separator_color=&#8221;secondary&#8221; mo_duration=&#8221;555&#8243; mo_start_delay=&#8221;50&#8243; mo_delay=&#8221;55&#8243; css=&#8221;.vc_custom_1603448861568{padding-top: 100px !important;padding-bottom: 100px !important;background-color: #e4edf1 !important;}&#8221; el_class=&#8221;tablet_column_full tablet_no_padding&#8221; el_id=&#8221;APIE-MUS&#8221; mo_init_values=&#8221;&#8221; mo_animations_values=&#8221;&#8221;][vc_column css_animation=&#8221;none&#8221; width=&#8221;2\/3&#8243; css=&#8221;.vc_custom_1566847586515{padding-top: 50px !important;padding-right: 15% !important;padding-left: 16% !important;}&#8221;][vc_row_inner][vc_column_inner]       \n      <div class=\"mo-title-box title-box-style3  text-left\"  ><h3>Apie mus<\/h3> <\/div>\n    [vc_column_text css_animation=&#8221;fadeIn&#8221;]<\/p>\n<p style=\"text-align: justify;\"><strong>Romualdo Kajoko Individuali \u012emon\u0117 savo veikl\u0105 prad\u0117jo 1993 m. <\/strong><\/p>\n<p style=\"text-align: justify;\">Nuo pat \u012fmon\u0117s \u012fk\u016brimo siek\u0117me pa\u010dio geriausio rezultato ir po\u017ei\u016brio \u012f teikiamas paslaugas, abipusiai naudingo bendradarbiavimo su klientais ir partneriais, tai leido bendrovei u\u017etikrinti ger\u0105 vard\u0105 Lietuvos elektrotechnikos paslaug\u0173 rinkoje.<\/p>\n<p style=\"text-align: justify;\">\u012emon\u0117je dirba auk\u0161tos kvalifikacijos specialistai, turintys didel\u0119 praktinio darbo patirt\u012f.<\/p>\n<p style=\"text-align: justify;\">Romualdo Kajoko individuali \u012fmon\u0117 darbus atlieka taikydama \u0161iuolaikines technologijas.<\/p>\n<p style=\"text-align: justify;\">Mes dirbame visoje Lietuvos teritorijoje ir siekiame pasi\u016blyti auk\u0161\u010diausi\u0105 kokyb\u0119 u\u017e prieinam\u0105 kain\u0105.<\/p>\n<p style=\"text-align: justify;\">\u012emon\u0117 yra atestuota, turinti visus savo teikiamoms paslaugoms reikalingus leidimus, atestatus ir licencijas.<\/p>\n<p>[\/vc_column_text][\/vc_column_inner][\/vc_row_inner][\/vc_column][vc_column width=&#8221;1\/3&#8243; parallax_animation=&#8221;yes&#8221; scale_from_x=&#8221;1&#8243; scale_from_y=&#8221;1&#8243; scale_from_z=&#8221;1&#8243; from_opacity=&#8221;1&#8243; scale_to_x=&#8221;1&#8243; scale_to_y=&#8221;1&#8243; scale_to_z=&#8221;1&#8243; to_opacity=&#8221;1&#8243; translate_from_y=&#8221;54&#8243; translate_to_y=&#8221;-73&#8243; css=&#8221;.vc_custom_1602792339334{padding-top: 75px !important;}&#8221;][vc_single_image image=&#8221;1961&#8243; img_size=&#8221;full&#8221; css_animation=&#8221;fadeInLeft&#8221;][\/vc_column][\/vc_row][vc_row css=&#8221;.vc_custom_1566948272327{padding-top: 30px !important;padding-bottom: 50px !important;background-color: #fbf5f1 !important;}&#8221;][vc_column][vc_row_inner css=&#8221;.vc_custom_1566945531480{padding-right: 10% !important;padding-left: 10% !important;}&#8221;][vc_column_inner width=&#8221;1\/4&#8243;]   <div class=\"counter-number style1 \">\n     <i class=\"icon-streetsign\"><\/i><h3 class=\"counter\">1993<\/h3><span class=\"symbol\">m.<\/span><h6>\u012esik\u016br\u0117<\/h6>   <\/div>\n    [\/vc_column_inner][vc_column_inner width=&#8221;1\/4&#8243;]   <div class=\"counter-number style1 \">\n     <i class=\"icon-ribbon\"><\/i><h3 class=\"counter\">5000<\/h3><span class=\"symbol\">+<\/span><h6>\u012egyvendint\u0173 projekt\u0173<\/h6>   <\/div>\n    [\/vc_column_inner][vc_column_inner width=&#8221;1\/4&#8243;]   <div class=\"counter-number style1 \">\n     <i class=\"icon-trophy\"><\/i><h3 class=\"counter\">20<\/h3><span class=\"symbol\">+<\/span><h6>Atestatai ir licencijos<\/h6>   <\/div>\n    [\/vc_column_inner][vc_column_inner width=&#8221;1\/4&#8243;]   <div class=\"counter-number style1 \">\n     <i class=\"icon-happy\"><\/i><h3 class=\"counter\">5000<\/h3><span class=\"symbol\">+<\/span><h6>Patenkint\u0173 klient\u0173<\/h6>   <\/div>\n    [\/vc_column_inner][\/vc_row_inner][\/vc_column][\/vc_row]<\/p>\n<\/div>","protected":false},"excerpt":{"rendered":"<p>[vc_row full_width=&#8221;stretch_row_content_no_spaces&#8221; content_animation=&#8221;yes&#8221; mo_init_scale_x=&#8221;1&#8243; mo_init_scale_y=&#8221;1&#8243; mo_init_scale_z=&#8221;1&#8243; mo_init_opacity=&#8221;1&#8243; mo_an_scale_x=&#8221;1&#8243; mo_an_scale_y=&#8221;1&#8243; mo_an_scale_z=&#8221;1&#8243; mo_an_opacity=&#8221;1&#8243; mo_color_separator=&#8221;#81d742&#8243; separator_color=&#8221;primary&#8221; row_separator_color=&#8221;secondary&#8221; mo_duration=&#8221;555&#8243; mo_start_delay=&#8221;50&#8243; mo_delay=&#8221;55&#8243; css=&#8221;.vc_custom_1603448861568{padding-top: 100px !important;padding-bottom: 100px !important;background-color: #e4edf1 !important;}&#8221; el_class=&#8221;tablet_column_full tablet_no_padding&#8221; el_id=&#8221;APIE-MUS&#8221; mo_init_values=&#8221;&#8221; mo_animations_values=&#8221;&#8221;][vc_column css_animation=&#8221;none&#8221; width=&#8221;2\/3&#8243; css=&#8221;.vc_custom_1566847586515{padding-top: 50px !important;padding-right: 15% !important;padding-left: 16% !important;}&#8221;][vc_row_inner][vc_column_inner][vc_column_text css_animation=&#8221;fadeIn&#8221;] Romualdo Kajoko Individuali \u012emon\u0117 savo veikl\u0105 prad\u0117jo 1993 m. Nuo pat \u012fmon\u0117s \u012fk\u016brimo siek\u0117me pa\u010dio geriausio [&hellip;]<\/p>\n","protected":false},"author":1,"featured_media":0,"parent":0,"menu_order":0,"comment_status":"closed","ping_status":"closed","template":"","meta":{"footnotes":""},"class_list":["post-1707","page","type-page","status-publish","hentry"],"_links":{"self":[{"href":"https:\/\/kajokas.lt\/index.php?rest_route=\/wp\/v2\/pages\/1707","targetHints":{"allow":["GET"]}}],"collection":[{"href":"https:\/\/kajokas.lt\/index.php?rest_route=\/wp\/v2\/pages"}],"about":[{"href":"https:\/\/kajokas.lt\/index.php?rest_route=\/wp\/v2\/types\/page"}],"author":[{"embeddable":true,"href":"https:\/\/kajokas.lt\/index.php?rest_route=\/wp\/v2\/users\/1"}],"replies":[{"embeddable":true,"href":"https:\/\/kajokas.lt\/index.php?rest_route=%2Fwp%2Fv2%2Fcomments&post=1707"}],"version-history":[{"count":12,"href":"https:\/\/kajokas.lt\/index.php?rest_route=\/wp\/v2\/pages\/1707\/revisions"}],"predecessor-version":[{"id":1713,"href":"https:\/\/kajokas.lt\/index.php?rest_route=\/wp\/v2\/pages\/1707\/revisions\/1713"}],"wp:attachment":[{"href":"https:\/\/kajokas.lt\/index.php?rest_route=%2Fwp%2Fv2%2Fmedia&parent=1707"}],"curies":[{"name":"wp","href":"https:\/\/api.w.org\/{rel}","templated":true}]}}