{"id":1708,"date":"2020-09-14T16:51:04","date_gmt":"2020-09-14T16:51:04","guid":{"rendered":"http:\/\/kajokas.lt\/?page_id=1708"},"modified":"2024-08-21T10:44:17","modified_gmt":"2024-08-21T10:44:17","slug":"paslaugos","status":"publish","type":"page","link":"https:\/\/kajokas.lt\/?page_id=1708","title":{"rendered":"Paslaugos"},"content":{"rendered":"<div class=\"wpb-content-wrapper\"><p>[vc_row position_separator=&#8221;svg_top&#8221; color_separator=&#8221;svg_white&#8221; css=&#8221;.vc_custom_1603448886594{padding-top: 100px !important;padding-bottom: 100px !important;}&#8221; el_id=&#8221;PASLAUGOS&#8221; el_class=&#8221;paslaugo&#8221;][vc_column]       \n      <div class=\"mo-title-box title-box-style3  text-center\"  ><h3>M\u016aS\u0172 TEIKIAMOS PASLAUGOS<\/h3> <\/div>\n    [vc_row_inner css=&#8221;.vc_custom_1601994056004{padding-top: 50px !important;}&#8221;][vc_column_inner width=&#8221;1\/3&#8243;]\t<div class=\"image-box  image-box-style11\">\n        <div class=\"left \">\n  <div class=\"thumb-service\" style=\"background-image: url('https:\/\/kajokas.lt\/wp-content\/uploads\/2020\/10\/1.png');\"><\/div>\n  <div class=\"title-wrap\">\n  <h6>Montavimo darbai - elektrotechnikos iki 10 kv \u012ftampos, elektroniniai ry\u0161iai (telekomunikacijos), apsaugin\u0117 signalizacija, gaisrin\u0117 signalizacija, proces\u0173 valdymas ir automatizacija<\/h6><a class=\"button btn-txt btn-txt-circle dark hr_primary\" href=\"http:\/\/www.apartmentstrakai.lt\/elektra\/kontaktai\/\" target=\"_self\"><span class=\"button-text\">Susisiekti<\/span> <span class=\"button-arrow\"><span class=\"button-icon\"><i class=\"ion-ios-arrow-right\"><\/i><\/span><\/span><\/a> <\/div>\n<\/div>\t<\/div>\n    [\/vc_column_inner][vc_column_inner width=&#8221;1\/3&#8243;]\t<div class=\"image-box  image-box-style11\">\n        <div class=\"left \">\n  <div class=\"thumb-service\" style=\"background-image: url('https:\/\/kajokas.lt\/wp-content\/uploads\/2020\/10\/2.png');\"><\/div>\n  <div class=\"title-wrap\">\n  <h6>Projektavimo darbai - elektrotechnikos iki 10 kv \u012ftampos, elektroniniai ry\u0161iai (telekomunikacijos), apsaugin\u0117 signalizacija, gaisrin\u0117 signalizacija, proces\u0173 valdymas ir automatizacija<\/h6><a class=\"button btn-txt btn-txt-circle dark hr_primary\" href=\"http:\/\/www.apartmentstrakai.lt\/elektra\/kontaktai\/\" target=\"_self\"><span class=\"button-text\">Susisiekti<\/span> <span class=\"button-arrow\"><span class=\"button-icon\"><i class=\"ion-ios-arrow-right\"><\/i><\/span><\/span><\/a> <\/div>\n<\/div>\t<\/div>\n    [\/vc_column_inner][vc_column_inner width=&#8221;1\/3&#8243;]\t<div class=\"image-box  image-box-style11\">\n        <div class=\"left \">\n  <div class=\"thumb-service\" style=\"background-image: url('https:\/\/kajokas.lt\/wp-content\/uploads\/2020\/10\/3.png');\"><\/div>\n  <div class=\"title-wrap\">\n  <h6>Elektros \u012frengini\u0173 prie\u017ei\u016bra, remontas, eksploatavimas ir operatyvus gedim\u0173 \u0161alinimas<\/h6><a class=\"button btn-txt btn-txt-circle dark hr_primary\" href=\"http:\/\/www.apartmentstrakai.lt\/elektra\/kontaktai\/\" target=\"_self\"><span class=\"button-text\">Susisiekti<\/span> <span class=\"button-arrow\"><span class=\"button-icon\"><i class=\"ion-ios-arrow-right\"><\/i><\/span><\/span><\/a> <\/div>\n<\/div>\t<\/div>\n    [\/vc_column_inner][\/vc_row_inner][vc_row_inner][vc_column_inner width=&#8221;1\/3&#8243;]\t<div class=\"image-box  image-box-style11\">\n        <div class=\"left \">\n  <div class=\"thumb-service\" style=\"background-image: url('https:\/\/kajokas.lt\/wp-content\/uploads\/2020\/10\/7.png');\"><\/div>\n  <div class=\"title-wrap\">\n  <h6>S\u0105matiniai skai\u010diavimai, projekt\u0173 ekonomin\u0117s dalies vertinimas<\/h6><a class=\"button btn-txt btn-txt-circle dark hr_primary\" href=\"http:\/\/www.apartmentstrakai.lt\/elektra\/kontaktai\/\" target=\"_self\"><span class=\"button-text\">Susisiekti<\/span> <span class=\"button-arrow\"><span class=\"button-icon\"><i class=\"ion-ios-arrow-right\"><\/i><\/span><\/span><\/a> <\/div>\n<\/div>\t<\/div>\n    [\/vc_column_inner][vc_column_inner width=&#8221;1\/3&#8243;]\t<div class=\"image-box  image-box-style11\">\n        <div class=\"left \">\n  <div class=\"thumb-service\" style=\"background-image: url('https:\/\/kajokas.lt\/wp-content\/uploads\/2020\/10\/5.png');\"><\/div>\n  <div class=\"title-wrap\">\n  <h6>Projekt\u0173 valdymas, prie\u017ei\u016bra, konsultavimas<\/h6><a class=\"button btn-txt btn-txt-circle dark hr_primary\" href=\"http:\/\/www.apartmentstrakai.lt\/elektra\/kontaktai\/\" target=\"_self\"><span class=\"button-text\">Susisiekti<\/span> <span class=\"button-arrow\"><span class=\"button-icon\"><i class=\"ion-ios-arrow-right\"><\/i><\/span><\/span><\/a> <\/div>\n<\/div>\t<\/div>\n    [\/vc_column_inner][vc_column_inner width=&#8221;1\/3&#8243;]\t<div class=\"image-box  image-box-style11\">\n        <div class=\"left \">\n  <div class=\"thumb-service\" style=\"background-image: url('https:\/\/kajokas.lt\/wp-content\/uploads\/2020\/10\/6.png');\"><\/div>\n  <div class=\"title-wrap\">\n  <h6>Atsinaujinantys \u0161altiniai<\/h6><a class=\"button btn-txt btn-txt-circle dark hr_primary\" href=\"http:\/\/www.apartmentstrakai.lt\/elektra\/kontaktai\/\" target=\"_self\"><span class=\"button-text\">Susisiekti<\/span> <span class=\"button-arrow\"><span class=\"button-icon\"><i class=\"ion-ios-arrow-right\"><\/i><\/span><\/span><\/a> <\/div>\n<\/div>\t<\/div>\n    [\/vc_column_inner][\/vc_row_inner][vc_row_inner][vc_column_inner width=&#8221;1\/3&#8243;][\/vc_column_inner][vc_column_inner width=&#8221;1\/3&#8243;][\/vc_column_inner][vc_column_inner width=&#8221;1\/3&#8243;][\/vc_column_inner][\/vc_row_inner][vc_empty_space height=&#8221;50px&#8221;]     <div class=\"text-center didesnis\">\n       <a class=\"button btn-txt btn-txt-circle primary hr_primary bg_primary bg_hr_primary outline_grey outline_hr_grey large radius0 linear\"  href=\"https:\/\/kajokas.lt\/?page_id=1709\" target=\"_self\"><span class=\"button-text\">SUSISIEKTI<\/span>\n                    <span class=\"button-arrow\"><span class=\"button-icon\"><i class=\"ion-ios-arrow-right\"><\/i><\/span><\/span>        <\/a> \n\t <\/div>\n    [\/vc_column][\/vc_row][vc_row css=&#8221;.vc_custom_1566948272327{padding-top: 30px !important;padding-bottom: 50px !important;background-color: #fbf5f1 !important;}&#8221;][vc_column][vc_row_inner css=&#8221;.vc_custom_1566945531480{padding-right: 10% !important;padding-left: 10% !important;}&#8221;][vc_column_inner width=&#8221;1\/4&#8243;]   <div class=\"counter-number style1 \">\n     <i class=\"icon-streetsign\"><\/i><h3 class=\"counter\">1993<\/h3><span class=\"symbol\">m.<\/span><h6>\u012esik\u016br\u0117<\/h6>   <\/div>\n    [\/vc_column_inner][vc_column_inner width=&#8221;1\/4&#8243;]   <div class=\"counter-number style1 \">\n     <i class=\"icon-ribbon\"><\/i><h3 class=\"counter\">5000<\/h3><span class=\"symbol\">+<\/span><h6>\u012egyvendint\u0173 projekt\u0173<\/h6>   <\/div>\n    [\/vc_column_inner][vc_column_inner width=&#8221;1\/4&#8243;]   <div class=\"counter-number style1 \">\n     <i class=\"icon-trophy\"><\/i><h3 class=\"counter\">20<\/h3><span class=\"symbol\">+<\/span><h6>Atestatai ir licencijos<\/h6>   <\/div>\n    [\/vc_column_inner][vc_column_inner width=&#8221;1\/4&#8243;]   <div class=\"counter-number style1 \">\n     <i class=\"icon-happy\"><\/i><h3 class=\"counter\">5000<\/h3><span class=\"symbol\">+<\/span><h6>Patenkint\u0173 klient\u0173<\/h6>   <\/div>\n    [\/vc_column_inner][\/vc_row_inner][\/vc_column][\/vc_row]<\/p>\n<\/div>","protected":false},"excerpt":{"rendered":"<p>[vc_row position_separator=&#8221;svg_top&#8221; color_separator=&#8221;svg_white&#8221; css=&#8221;.vc_custom_1603448886594{padding-top: 100px !important;padding-bottom: 100px !important;}&#8221; el_id=&#8221;PASLAUGOS&#8221; el_class=&#8221;paslaugo&#8221;][vc_column][vc_row_inner css=&#8221;.vc_custom_1601994056004{padding-top: 50px !important;}&#8221;][vc_column_inner width=&#8221;1\/3&#8243;][\/vc_column_inner][vc_column_inner width=&#8221;1\/3&#8243;][\/vc_column_inner][vc_column_inner width=&#8221;1\/3&#8243;][\/vc_column_inner][\/vc_row_inner][vc_row_inner][vc_column_inner width=&#8221;1\/3&#8243;][\/vc_column_inner][vc_column_inner width=&#8221;1\/3&#8243;][\/vc_column_inner][vc_column_inner width=&#8221;1\/3&#8243;][\/vc_column_inner][\/vc_row_inner][vc_row_inner][vc_column_inner width=&#8221;1\/3&#8243;][\/vc_column_inner][vc_column_inner width=&#8221;1\/3&#8243;][\/vc_column_inner][vc_column_inner width=&#8221;1\/3&#8243;][\/vc_column_inner][\/vc_row_inner][vc_empty_space height=&#8221;50px&#8221;][\/vc_column][\/vc_row][vc_row css=&#8221;.vc_custom_1566948272327{padding-top: 30px !important;padding-bottom: 50px !important;background-color: #fbf5f1 !important;}&#8221;][vc_column][vc_row_inner css=&#8221;.vc_custom_1566945531480{padding-right: 10% !important;padding-left: 10% !important;}&#8221;][vc_column_inner width=&#8221;1\/4&#8243;][\/vc_column_inner][vc_column_inner width=&#8221;1\/4&#8243;][\/vc_column_inner][vc_column_inner width=&#8221;1\/4&#8243;][\/vc_column_inner][vc_column_inner width=&#8221;1\/4&#8243;][\/vc_column_inner][\/vc_row_inner][\/vc_column][\/vc_row]<\/p>\n","protected":false},"author":1,"featured_media":0,"parent":0,"menu_order":0,"comment_status":"closed","ping_status":"closed","template":"","meta":{"footnotes":""},"class_list":["post-1708","page","type-page","status-publish","hentry"],"_links":{"self":[{"href":"https:\/\/kajokas.lt\/index.php?rest_route=\/wp\/v2\/pages\/1708","targetHints":{"allow":["GET"]}}],"collection":[{"href":"https:\/\/kajokas.lt\/index.php?rest_route=\/wp\/v2\/pages"}],"about":[{"href":"https:\/\/kajokas.lt\/index.php?rest_route=\/wp\/v2\/types\/page"}],"author":[{"embeddable":true,"href":"https:\/\/kajokas.lt\/index.php?rest_route=\/wp\/v2\/users\/1"}],"replies":[{"embeddable":true,"href":"https:\/\/kajokas.lt\/index.php?rest_route=%2Fwp%2Fv2%2Fcomments&post=1708"}],"version-history":[{"count":19,"href":"https:\/\/kajokas.lt\/index.php?rest_route=\/wp\/v2\/pages\/1708\/revisions"}],"predecessor-version":[{"id":2308,"href":"https:\/\/kajokas.lt\/index.php?rest_route=\/wp\/v2\/pages\/1708\/revisions\/2308"}],"wp:attachment":[{"href":"https:\/\/kajokas.lt\/index.php?rest_route=%2Fwp%2Fv2%2Fmedia&parent=1708"}],"curies":[{"name":"wp","href":"https:\/\/api.w.org\/{rel}","templated":true}]}}