{"id":1851,"date":"2020-10-06T13:39:06","date_gmt":"2020-10-06T13:39:06","guid":{"rendered":"http:\/\/kajokas.lt\/?page_id=1851"},"modified":"2020-10-22T13:11:04","modified_gmt":"2020-10-22T13:11:04","slug":"atlikti-darbai","status":"publish","type":"page","link":"https:\/\/kajokas.lt\/?page_id=1851","title":{"rendered":"Atlikti darbai"},"content":{"rendered":"<div class=\"wpb-content-wrapper\"><p>[vc_row content_animation=&#8221;yes&#8221; mo_init_scale_x=&#8221;1&#8243; mo_init_scale_y=&#8221;1&#8243; mo_init_scale_z=&#8221;1&#8243; mo_init_opacity=&#8221;0&#8243; mo_an_scale_x=&#8221;1&#8243; mo_an_scale_y=&#8221;1&#8243; mo_an_scale_z=&#8221;1&#8243; mo_an_opacity=&#8221;1&#8243; css=&#8221;.vc_custom_1602670723767{padding-top: 100px !important;}&#8221; mo_init_translate_y=&#8221;67&#8243; mo_init_translate_z=&#8221;-123&#8243; mo_init_rotate_x=&#8221;-27&#8243; el_class=&#8221;tablet_column_full&#8221; el_id=&#8221;atlikt-darbai&#8221;][vc_column]       \n      <div class=\"mo-title-box title-box-style3  text-center\"  ><h3>M\u016bs\u0173 atlikti darbai<\/h3> <\/div>\n    [vc_row_inner css=&#8221;.vc_custom_1602670509849{margin-top: 50px !important;padding-bottom: 100px !important;}&#8221;][vc_column_inner width=&#8221;1\/3&#8243;]\t<div class=\"image-box  image-box-style9\">\n         <div class=\"thumb-service\" style=\"background-image: url(https:\/\/kajokas.lt\/wp-content\/uploads\/2020\/10\/snow_arena.png)\"><\/div>\t\n<div class=\"title-wrap\">\n  <h6>Snow Arena<\/h6><div class=\"content\"><strong>Nemuno kelias 2, Mizar\u0173 kaimas.<\/strong><\/p>\n<p>10-0,4kV elektrotechnin\u0117s, elektronini\u0173 ry\u0161i\u0173, apsaugos ir gaisrin\u0117s signalizacijos, automatizacijos dali\u0173 projektavimo ir montavimo dabai.<\/div><a class=\"button btn-txt btn-txt-circle dark hr_primary\" href=\"\" target=\"_self\"><span class=\"button-text\">Read More<\/span> <span class=\"button-arrow\"><span class=\"button-icon\"><i class=\"ion-ios-arrow-right\"><\/i><\/span><\/span><\/a> <\/div>\t<\/div>\n    [\/vc_column_inner][vc_column_inner width=&#8221;1\/3&#8243;]\t<div class=\"image-box  image-box-style9\">\n         <div class=\"thumb-service\" style=\"background-image: url(https:\/\/kajokas.lt\/wp-content\/uploads\/2020\/10\/flores.png)\"><\/div>\t\n<div class=\"title-wrap\">\n  <h6>UAB Druskinink\u0173 sveikatinimo ir poilsio centro \u201eAQUA\u201c vie\u0161butis<\/h6><div class=\"content\"><strong>Vilniaus al.13, Druskininkai.<\/strong><\/p>\n<p>10-0,4kV elektrotechnin\u0117s, elektronini\u0173 ry\u0161i\u0173, apsaugos ir gaisrin\u0117s signalizacijos, automatizacijos projektavimo ir montavimo dabai.<\/div><a class=\"button btn-txt btn-txt-circle dark hr_primary\" href=\"#\" target=\"_self\"><span class=\"button-text\">Read More<\/span> <span class=\"button-arrow\"><span class=\"button-icon\"><i class=\"ion-ios-arrow-right\"><\/i><\/span><\/span><\/a> <\/div>\t<\/div>\n    [\/vc_column_inner][vc_column_inner width=&#8221;1\/3&#8243;]\t<div class=\"image-box  image-box-style9\">\n         <div class=\"thumb-service\" style=\"background-image: url(https:\/\/kajokas.lt\/wp-content\/uploads\/2020\/10\/aqua.png)\"><\/div>\t\n<div class=\"title-wrap\">\n  <h6>UAB Druskinink\u0173 sveikatinimo ir poilsio centras \u201cAQUA\u201d<\/h6><div class=\"content\"><strong>Vilniaus al.13, Druskininkai.<\/strong><\/p>\n<p>10-0,4 kV elektrotechnin\u0117s dalies projektavimo-montavimo darbai.<\/div><a class=\"button btn-txt btn-txt-circle dark hr_primary\" href=\"\" target=\"_self\"><span class=\"button-text\">Read More<\/span> <span class=\"button-arrow\"><span class=\"button-icon\"><i class=\"ion-ios-arrow-right\"><\/i><\/span><\/span><\/a> <\/div>\t<\/div>\n    [\/vc_column_inner][\/vc_row_inner][vc_row_inner css=&#8221;.vc_custom_1602670502921{padding-bottom: 100px !important;}&#8221;][vc_column_inner width=&#8221;1\/3&#8243;]\t<div class=\"image-box  image-box-style9\">\n         <div class=\"thumb-service\" style=\"background-image: url(https:\/\/kajokas.lt\/wp-content\/uploads\/2020\/10\/image001.jpg)\"><\/div>\t\n<div class=\"title-wrap\">\n  <h6>UAB \u201cCIE LT FORGE\u201d<\/h6><div class=\"content\"><strong>Sporto g.12, Marijampol\u0117<\/strong><\/p>\n<p>10\/0,4kV modulin\u0117s transformatorin\u0117s montavimas, cech\u0173 ap\u0161vietimo modernizavimas LED \u0161viestuvais, reaktyviosios galios kompensavimo \u012frengimas,<\/p>\n<p>0,4kV skirstom\u0173j\u0173 \u012frengini\u0173 bei kabelini\u0173 linij\u0173 projektavimas ir montavimas.<\/div><a class=\"button btn-txt btn-txt-circle dark hr_primary\" href=\"\" target=\"_self\"><span class=\"button-text\">Read More<\/span> <span class=\"button-arrow\"><span class=\"button-icon\"><i class=\"ion-ios-arrow-right\"><\/i><\/span><\/span><\/a> <\/div>\t<\/div>\n    [\/vc_column_inner][vc_column_inner width=&#8221;1\/3&#8243;]\t<div class=\"image-box  image-box-style9\">\n         <div class=\"thumb-service\" style=\"background-image: url(https:\/\/kajokas.lt\/wp-content\/uploads\/2020\/10\/image003.jpg)\"><\/div>\t\n<div class=\"title-wrap\">\n  <h6>UAB \u201cCoca Cola HBC Lietuva\u201d<\/h6><div class=\"content\"><strong>Mi\u0161kinink\u0173 g.19, Alytus<\/strong><\/p>\n<p>10\/0,4kV modulin\u0117s transformatorin\u0117s montavimas, gamyklos ap\u0161vietimo modernizavimas,reaktyviosios galios kompensavimo \u012frengimas, 0,4kV skirstom\u0173j\u0173 \u012frengini\u0173 bei kabelini\u0173 linij\u0173, elektronini\u0173 ry\u0161i\u0173, apsaugos ir gaisrin\u0117s signalizacijos, automatizacijos projektavimas ir montavimas.<\/div><a class=\"button btn-txt btn-txt-circle dark hr_primary\" href=\"#\" target=\"_self\"><span class=\"button-text\">Read More<\/span> <span class=\"button-arrow\"><span class=\"button-icon\"><i class=\"ion-ios-arrow-right\"><\/i><\/span><\/span><\/a> <\/div>\t<\/div>\n    [\/vc_column_inner][vc_column_inner width=&#8221;1\/3&#8243;]\t<div class=\"image-box  image-box-style9\">\n         <div class=\"thumb-service\" style=\"background-image: url(https:\/\/kajokas.lt\/wp-content\/uploads\/2020\/10\/image005.jpg)\"><\/div>\t\n<div class=\"title-wrap\">\n  <h6>UAB \u201cSvenheim Properties\u201d<\/h6><div class=\"content\"><strong>Naujoji g.132, Alytus<\/strong><\/p>\n<p>Gamyklos 10-0,4kV elektros tinkl\u0173 projektavimas bei montavimas.<\/div><a class=\"button btn-txt btn-txt-circle dark hr_primary\" href=\"\" target=\"_self\"><span class=\"button-text\">Read More<\/span> <span class=\"button-arrow\"><span class=\"button-icon\"><i class=\"ion-ios-arrow-right\"><\/i><\/span><\/span><\/a> <\/div>\t<\/div>\n    [\/vc_column_inner][\/vc_row_inner][vc_row_inner css=&#8221;.vc_custom_1602670495849{padding-bottom: 100px !important;}&#8221;][vc_column_inner width=&#8221;1\/3&#8243;]\t<div class=\"image-box  image-box-style9\">\n         <div class=\"thumb-service\" style=\"background-image: url(https:\/\/kajokas.lt\/wp-content\/uploads\/2020\/10\/image007.jpg)\"><\/div>\t\n<div class=\"title-wrap\">\n  <h6>UAB \u201cRanders Reb International\u201d<\/h6><div class=\"content\"><strong>Naujoji g.130, Alytus<\/strong><\/p>\n<p>0,4kV skirstom\u0173j\u0173 \u012frengini\u0173 projektavimas ir montavimas.<\/div><a class=\"button btn-txt btn-txt-circle dark hr_primary\" href=\"\" target=\"_self\"><span class=\"button-text\">Read More<\/span> <span class=\"button-arrow\"><span class=\"button-icon\"><i class=\"ion-ios-arrow-right\"><\/i><\/span><\/span><\/a> <\/div>\t<\/div>\n    [\/vc_column_inner][vc_column_inner width=&#8221;1\/3&#8243;]\t<div class=\"image-box  image-box-style9\">\n         <div class=\"thumb-service\" style=\"background-image: url(https:\/\/kajokas.lt\/wp-content\/uploads\/2020\/10\/image009.jpg)\"><\/div>\t\n<div class=\"title-wrap\">\n  <h6>UAB \u201cStora Enso Lietuva\u201d<\/h6><div class=\"content\"><strong>Naujoji g.134, Alytus<\/strong><\/p>\n<p>10\/0,4kV transformatorini\u0173 pasto\u010di\u0173 ,reaktyviosios galios kompensavimo, 0,4kV skirstom\u0173j\u0173 \u012frengini\u0173 bei kabelini\u0173 linij\u0173 projektavimas ir montavimas, automatizavimas, gamyklos teritorijos, cech\u0173 ap\u0161vietimo modernizavimas.<\/div><a class=\"button btn-txt btn-txt-circle dark hr_primary\" href=\"#\" target=\"_self\"><span class=\"button-text\">Read More<\/span> <span class=\"button-arrow\"><span class=\"button-icon\"><i class=\"ion-ios-arrow-right\"><\/i><\/span><\/span><\/a> <\/div>\t<\/div>\n    [\/vc_column_inner][vc_column_inner width=&#8221;1\/3&#8243;]\t<div class=\"image-box  image-box-style9\">\n         <div class=\"thumb-service\" style=\"background-image: url(https:\/\/kajokas.lt\/wp-content\/uploads\/2020\/10\/image011.jpg)\"><\/div>\t\n<div class=\"title-wrap\">\n  <h6>UAB \u201cIkea Industry Lithuania\u201d<\/h6><div class=\"content\"><strong>Gedimino g.1, Kazl\u0173 R\u016bda<\/strong><\/p>\n<p>10 kV transformatorini\u0173 pasto\u010di\u0173 , vidutin\u0117s \u012ftampos centrini\u0173 paskirstymo punkt\u0173, 10 kV kabelini\u0173 linij\u0173, reaktyviosios galios kompensavimo \u012frengini\u0173 projektavimas ir montavimas.<\/div><a class=\"button btn-txt btn-txt-circle dark hr_primary\" href=\"\" target=\"_self\"><span class=\"button-text\">Read More<\/span> <span class=\"button-arrow\"><span class=\"button-icon\"><i class=\"ion-ios-arrow-right\"><\/i><\/span><\/span><\/a> <\/div>\t<\/div>\n    [\/vc_column_inner][\/vc_row_inner][vc_row_inner css=&#8221;.vc_custom_1602670486569{padding-bottom: 100px !important;}&#8221;][vc_column_inner width=&#8221;1\/3&#8243;]\t<div class=\"image-box  image-box-style9\">\n         <div class=\"thumb-service\" style=\"background-image: url(https:\/\/kajokas.lt\/wp-content\/uploads\/2020\/10\/image013.jpg)\"><\/div>\t\n<div class=\"title-wrap\">\n  <h6>UAB \u201cNept\u016bno vandenys\u201d<\/h6><div class=\"content\"><strong>Rudnios g.1, Var\u0117na<\/strong><\/p>\n<p>0,4 kV skirstom\u0173j\u0173 \u012frengini\u0173 montavimas, elektros tinklo i\u0161pl\u0117timas.<\/div><a class=\"button btn-txt btn-txt-circle dark hr_primary\" href=\"\" target=\"_self\"><span class=\"button-text\">Read More<\/span> <span class=\"button-arrow\"><span class=\"button-icon\"><i class=\"ion-ios-arrow-right\"><\/i><\/span><\/span><\/a> <\/div>\t<\/div>\n    [\/vc_column_inner][vc_column_inner width=&#8221;1\/3&#8243;]\t<div class=\"image-box  image-box-style9\">\n         <div class=\"thumb-service\" style=\"background-image: url(https:\/\/kajokas.lt\/wp-content\/uploads\/2020\/10\/image015.jpg)\"><\/div>\t\n<div class=\"title-wrap\">\n  <h6>UAB \u201cVakar\u0173 laiv\u0173 remontas\u201d<\/h6><div class=\"content\"><strong>Minijos g.180, Klaip\u0117da<\/strong><\/p>\n<p>6\/0,4 kV skirstom\u0173j\u0173 \u012frengini\u0173 montavimas, 6kV narveli\u0173 modernizavimas, reaktyvios galios kompensavimo \u012frengini\u0173 montavimas.<\/div><a class=\"button btn-txt btn-txt-circle dark hr_primary\" href=\"#\" target=\"_self\"><span class=\"button-text\">Read More<\/span> <span class=\"button-arrow\"><span class=\"button-icon\"><i class=\"ion-ios-arrow-right\"><\/i><\/span><\/span><\/a> <\/div>\t<\/div>\n    [\/vc_column_inner][vc_column_inner width=&#8221;1\/3&#8243;]\t<div class=\"image-box  image-box-style9\">\n         <div class=\"thumb-service\" style=\"background-image: url(https:\/\/kajokas.lt\/wp-content\/uploads\/2020\/10\/image017.jpg)\"><\/div>\t\n<div class=\"title-wrap\">\n  <h6>UAB \u201cKlaip\u0117dos vandenys\u201d,<\/h6><div class=\"content\"><strong>Ry\u0161inink\u0173 g.11, Klaip\u0117da<\/strong><\/p>\n<p>10 kV skirstom\u0173j\u0173 \u012frengini\u0173 rekonstrukcija. (Valymo \u012frenginiai).<\/div><a class=\"button btn-txt btn-txt-circle dark hr_primary\" href=\"\" target=\"_self\"><span class=\"button-text\">Read More<\/span> <span class=\"button-arrow\"><span class=\"button-icon\"><i class=\"ion-ios-arrow-right\"><\/i><\/span><\/span><\/a> <\/div>\t<\/div>\n    [\/vc_column_inner][\/vc_row_inner][vc_row_inner css=&#8221;.vc_custom_1602670479665{padding-bottom: 100px !important;}&#8221;][vc_column_inner width=&#8221;1\/3&#8243;]\t<div class=\"image-box  image-box-style9\">\n         <div class=\"thumb-service\" style=\"background-image: url(https:\/\/kajokas.lt\/wp-content\/uploads\/2020\/10\/image019.jpg)\"><\/div>\t\n<div class=\"title-wrap\">\n  <h6>AB \u201cKlaip\u0117dos energija\u201d<\/h6><div class=\"content\"><strong>Dan\u0117s g.8, Klaip\u0117da<\/strong><\/p>\n<p>6 kV skirstom\u0173j\u0173 \u012frengini\u0173 RAA rekonstrukcija, reaktyvios galios kompensavimo \u012frengini\u0173 montavimas.<\/div><a class=\"button btn-txt btn-txt-circle dark hr_primary\" href=\"\" target=\"_self\"><span class=\"button-text\">Read More<\/span> <span class=\"button-arrow\"><span class=\"button-icon\"><i class=\"ion-ios-arrow-right\"><\/i><\/span><\/span><\/a> <\/div>\t<\/div>\n    [\/vc_column_inner][vc_column_inner width=&#8221;1\/3&#8243;]\t<div class=\"image-box  image-box-style9\">\n         <div class=\"thumb-service\" style=\"background-image: url(https:\/\/kajokas.lt\/wp-content\/uploads\/2020\/10\/1-scaled.jpg)\"><\/div>\t\n<div class=\"title-wrap\">\n  <h6> 9,86kW saul\u0117s elektrin\u0117s \u012frengimas ant stogo<\/h6><div class=\"content\">Saul\u0117s elektrini\u0173 AC \/ DC dalies projektavimas ir montavimas.<\/div><a class=\"button btn-txt btn-txt-circle dark hr_primary\" href=\"\" target=\"_self\"><span class=\"button-text\">Read More<\/span> <span class=\"button-arrow\"><span class=\"button-icon\"><i class=\"ion-ios-arrow-right\"><\/i><\/span><\/span><\/a> <\/div>\t<\/div>\n    [\/vc_column_inner][vc_column_inner width=&#8221;1\/3&#8243;][\/vc_column_inner][\/vc_row_inner][\/vc_column][\/vc_row][vc_row css=&#8221;.vc_custom_1566948272327{padding-top: 30px !important;padding-bottom: 50px !important;background-color: #fbf5f1 !important;}&#8221;][vc_column][vc_row_inner css=&#8221;.vc_custom_1566945531480{padding-right: 10% !important;padding-left: 10% !important;}&#8221;][vc_column_inner width=&#8221;1\/4&#8243;]   <div class=\"counter-number style1 \">\n     <i class=\"icon-streetsign\"><\/i><h3 class=\"counter\">1993<\/h3><span class=\"symbol\">m.<\/span><h6>\u012esik\u016br\u0117<\/h6>   <\/div>\n    [\/vc_column_inner][vc_column_inner width=&#8221;1\/4&#8243;]   <div class=\"counter-number style1 \">\n     <i class=\"icon-ribbon\"><\/i><h3 class=\"counter\">5000<\/h3><span class=\"symbol\">+<\/span><h6>\u012egyvendint\u0173 projekt\u0173<\/h6>   <\/div>\n    [\/vc_column_inner][vc_column_inner width=&#8221;1\/4&#8243;]   <div class=\"counter-number style1 \">\n     <i class=\"icon-trophy\"><\/i><h3 class=\"counter\">20<\/h3><span class=\"symbol\">+<\/span><h6>Atestatai ir licencijos<\/h6>   <\/div>\n    [\/vc_column_inner][vc_column_inner width=&#8221;1\/4&#8243;]   <div class=\"counter-number style1 \">\n     <i class=\"icon-happy\"><\/i><h3 class=\"counter\">5000<\/h3><span class=\"symbol\">+<\/span><h6>Patenkint\u0173 klient\u0173<\/h6>   <\/div>\n    [\/vc_column_inner][\/vc_row_inner][\/vc_column][\/vc_row]<\/p>\n<\/div>","protected":false},"excerpt":{"rendered":"<p>[vc_row content_animation=&#8221;yes&#8221; mo_init_scale_x=&#8221;1&#8243; mo_init_scale_y=&#8221;1&#8243; mo_init_scale_z=&#8221;1&#8243; mo_init_opacity=&#8221;0&#8243; mo_an_scale_x=&#8221;1&#8243; mo_an_scale_y=&#8221;1&#8243; mo_an_scale_z=&#8221;1&#8243; mo_an_opacity=&#8221;1&#8243; css=&#8221;.vc_custom_1602670723767{padding-top: 100px !important;}&#8221; mo_init_translate_y=&#8221;67&#8243; mo_init_translate_z=&#8221;-123&#8243; mo_init_rotate_x=&#8221;-27&#8243; el_class=&#8221;tablet_column_full&#8221; el_id=&#8221;atlikt-darbai&#8221;][vc_column][vc_row_inner css=&#8221;.vc_custom_1602670509849{margin-top: 50px !important;padding-bottom: 100px !important;}&#8221;][vc_column_inner width=&#8221;1\/3&#8243;][\/vc_column_inner][vc_column_inner width=&#8221;1\/3&#8243;][\/vc_column_inner][vc_column_inner width=&#8221;1\/3&#8243;][\/vc_column_inner][\/vc_row_inner][vc_row_inner css=&#8221;.vc_custom_1602670502921{padding-bottom: 100px !important;}&#8221;][vc_column_inner width=&#8221;1\/3&#8243;][\/vc_column_inner][vc_column_inner width=&#8221;1\/3&#8243;][\/vc_column_inner][vc_column_inner width=&#8221;1\/3&#8243;][\/vc_column_inner][\/vc_row_inner][vc_row_inner css=&#8221;.vc_custom_1602670495849{padding-bottom: 100px !important;}&#8221;][vc_column_inner width=&#8221;1\/3&#8243;][\/vc_column_inner][vc_column_inner width=&#8221;1\/3&#8243;][\/vc_column_inner][vc_column_inner width=&#8221;1\/3&#8243;][\/vc_column_inner][\/vc_row_inner][vc_row_inner css=&#8221;.vc_custom_1602670486569{padding-bottom: 100px !important;}&#8221;][vc_column_inner width=&#8221;1\/3&#8243;][\/vc_column_inner][vc_column_inner width=&#8221;1\/3&#8243;][\/vc_column_inner][vc_column_inner width=&#8221;1\/3&#8243;][\/vc_column_inner][\/vc_row_inner][vc_row_inner css=&#8221;.vc_custom_1602670479665{padding-bottom: 100px !important;}&#8221;][vc_column_inner width=&#8221;1\/3&#8243;][\/vc_column_inner][vc_column_inner width=&#8221;1\/3&#8243;][\/vc_column_inner][vc_column_inner width=&#8221;1\/3&#8243;][\/vc_column_inner][\/vc_row_inner][\/vc_column][\/vc_row][vc_row css=&#8221;.vc_custom_1566948272327{padding-top: 30px !important;padding-bottom: 50px !important;background-color: [&hellip;]<\/p>\n","protected":false},"author":1,"featured_media":0,"parent":0,"menu_order":0,"comment_status":"closed","ping_status":"closed","template":"","meta":{"footnotes":""},"class_list":["post-1851","page","type-page","status-publish","hentry"],"_links":{"self":[{"href":"https:\/\/kajokas.lt\/index.php?rest_route=\/wp\/v2\/pages\/1851","targetHints":{"allow":["GET"]}}],"collection":[{"href":"https:\/\/kajokas.lt\/index.php?rest_route=\/wp\/v2\/pages"}],"about":[{"href":"https:\/\/kajokas.lt\/index.php?rest_route=\/wp\/v2\/types\/page"}],"author":[{"embeddable":true,"href":"https:\/\/kajokas.lt\/index.php?rest_route=\/wp\/v2\/users\/1"}],"replies":[{"embeddable":true,"href":"https:\/\/kajokas.lt\/index.php?rest_route=%2Fwp%2Fv2%2Fcomments&post=1851"}],"version-history":[{"count":13,"href":"https:\/\/kajokas.lt\/index.php?rest_route=\/wp\/v2\/pages\/1851\/revisions"}],"predecessor-version":[{"id":2181,"href":"https:\/\/kajokas.lt\/index.php?rest_route=\/wp\/v2\/pages\/1851\/revisions\/2181"}],"wp:attachment":[{"href":"https:\/\/kajokas.lt\/index.php?rest_route=%2Fwp%2Fv2%2Fmedia&parent=1851"}],"curies":[{"name":"wp","href":"https:\/\/api.w.org\/{rel}","templated":true}]}}