{"id":1980,"date":"2020-10-19T09:57:07","date_gmt":"2020-10-19T09:57:07","guid":{"rendered":"http:\/\/kajokas.lt\/?page_id=1980"},"modified":"2020-10-23T10:29:24","modified_gmt":"2020-10-23T10:29:24","slug":"naudinga-informacija","status":"publish","type":"page","link":"https:\/\/kajokas.lt\/?page_id=1980","title":{"rendered":"Naudinga informacija"},"content":{"rendered":"<div class=\"wpb-content-wrapper\"><p>[vc_row full_width=&#8221;stretch_row_content_no_spaces&#8221; content_animation=&#8221;yes&#8221; mo_init_scale_x=&#8221;1&#8243; mo_init_scale_y=&#8221;1&#8243; mo_init_scale_z=&#8221;1&#8243; mo_init_opacity=&#8221;1&#8243; mo_an_scale_x=&#8221;1&#8243; mo_an_scale_y=&#8221;1&#8243; mo_an_scale_z=&#8221;1&#8243; mo_an_opacity=&#8221;1&#8243; mo_color_separator=&#8221;#81d742&#8243; separator_color=&#8221;primary&#8221; row_separator_color=&#8221;secondary&#8221; mo_duration=&#8221;555&#8243; mo_start_delay=&#8221;50&#8243; mo_delay=&#8221;55&#8243; css=&#8221;.vc_custom_1603448959220{padding-top: 100px !important;padding-bottom: 100px !important;background-color: #e4edf1 !important;}&#8221; el_class=&#8221;tablet_column_full tablet_no_padding&#8221; el_id=&#8221;NAUJIENOS&#8221; mo_init_values=&#8221;&#8221; mo_animations_values=&#8221;&#8221;][vc_column css_animation=&#8221;none&#8221; css=&#8221;.vc_custom_1566847586515{padding-top: 50px !important;padding-right: 15% !important;padding-left: 16% !important;}&#8221;][vc_row_inner][vc_column_inner]    <div class=\"blog-posts more-posts-wrapper\"> \n            <div class=\"row grid-masonry\">\n\t\t\t\t\t\t<div class=\"posts masonry-posts\">\n\t\t\t\t\t\t\t \t\t\t\t\t\t\t<div class=\"masonry-post post post-item col-xs-12 col-sm-6 col-md-6 col-lg-4 mo-blog-masonry-wrapper clearfix grid \">\n\t\t\t\t\t\t\t\t<article id=\"post-2025\" class=\"post-2025 post type-post status-publish format-standard has-post-thumbnail hentry category-uncategorized\">\n  <div class=\"grid-mid-post\">\n\t<div class=\"format-post\">\n\t\t\t\t\t<figure>\n\t\t\t\t\t   <a href=\"https:\/\/kajokas.lt\/?p=2025\"><img loading=\"lazy\" decoding=\"async\" width=\"480\" height=\"380\" src=\"https:\/\/kajokas.lt\/wp-content\/uploads\/2020\/10\/termovizija-1-480x380.jpg\" class=\"attachment-ruya-small size-ruya-small lazy-img wp-post-image\" alt=\"\" data-src=\"https:\/\/kajokas.lt\/wp-content\/uploads\/2020\/10\/termovizija-1-480x380.jpg\" \/><\/a>\n\t\t\t\t\t   <a class=\"cat-name\" href=\"https:\/\/kajokas.lt\/?cat=1\">Uncategorized<\/a>\n\t\t\t\t\t<\/figure>\n\t\t\t\t<div class=\"info-post\">\n\t\t\t\t\t<h3 class=\"post-title\"><a href=\"https:\/\/kajokas.lt\/?p=2025\"> Elektros \u016bkio prie\u017ei\u016bra<\/a><\/h3>\n\t\t\t\t\t<p> Elektros \u016bkio prie\u017ei\u016bra Ie\u0161kote, kam patik\u0117ti J\u016bs\u0173 \u012fmon\u0117s elektros \u016bkio prie\u017ei\u016br\u0105? Kvalifikuota m\u016bs\u0173 in\u017einieri\u0173 komanda pasirengusi Jums pad\u0117ti<\/p>\n\t\t\t\t\t<div class=\"footer-info-post\">\n\t\t\t\t\t\t<ul class=\"meta-post\">\n\t\t\t\t\t\t   <li><div class=\"avatar\"> <img alt='admin' src='https:\/\/secure.gravatar.com\/avatar\/a64243aaba1f7ce5f53bc4f4b43f2dbbb68b2a6c39d75baeab673e3519f820c1?s=30&#038;d=mm&#038;r=g' srcset='https:\/\/secure.gravatar.com\/avatar\/a64243aaba1f7ce5f53bc4f4b43f2dbbb68b2a6c39d75baeab673e3519f820c1?s=60&#038;d=mm&#038;r=g 2x' class='avatar avatar-30 photo circle' height='30' width='30' \/> <\/div>admin<\/li>\n\t\t\t\t\t\t   <li class=\"date\">19 spalio, 2020<\/li>\n\t\t\t\t\t\t <\/ul>\n\t\t\t\t\t<\/div>\n\t\t\t\t<\/div><\/div>   <\/div>\n<\/article>\t\t\t\t\t\t\t<\/div><!--post-->\n\t\t\t\t\t\t\t\t\t\t\t\t\t\t<div class=\"masonry-post post post-item col-xs-12 col-sm-6 col-md-6 col-lg-4 mo-blog-masonry-wrapper clearfix grid \">\n\t\t\t\t\t\t\t\t<article id=\"post-2155\" class=\"post-2155 post type-post status-publish format-standard has-post-thumbnail hentry category-uncategorized\">\n  <div class=\"grid-mid-post\">\n\t<div class=\"format-post\">\n\t\t\t\t\t<figure>\n\t\t\t\t\t   <a href=\"https:\/\/kajokas.lt\/?p=2155\"><img loading=\"lazy\" decoding=\"async\" width=\"480\" height=\"380\" src=\"https:\/\/kajokas.lt\/wp-content\/uploads\/2020\/10\/HTB1bTOdXZfrK1RjSszcq6xGGFXak-480x380.jpg\" class=\"attachment-ruya-small size-ruya-small lazy-img wp-post-image\" alt=\"\" data-src=\"https:\/\/kajokas.lt\/wp-content\/uploads\/2020\/10\/HTB1bTOdXZfrK1RjSszcq6xGGFXak-480x380.jpg\" \/><\/a>\n\t\t\t\t\t   <a class=\"cat-name\" href=\"https:\/\/kajokas.lt\/?cat=1\">Uncategorized<\/a>\n\t\t\t\t\t<\/figure>\n\t\t\t\t<div class=\"info-post\">\n\t\t\t\t\t<h3 class=\"post-title\"><a href=\"https:\/\/kajokas.lt\/?p=2155\"> Reaktyvios galios kompensavimas<\/a><\/h3>\n\t\t\t\t\t<p> Reaktyvios galios kompensavimas\u00a0 \u00a0\u00a0\u00a0 \u012e klausim\u0105 o kam reikalinga kompensacija, atsakymas paprastas: suma\u017einti s\u0105skaitos u\u017e elektros energij\u0105 ir<\/p>\n\t\t\t\t\t<div class=\"footer-info-post\">\n\t\t\t\t\t\t<ul class=\"meta-post\">\n\t\t\t\t\t\t   <li><div class=\"avatar\"> <img alt='admin' src='https:\/\/secure.gravatar.com\/avatar\/a64243aaba1f7ce5f53bc4f4b43f2dbbb68b2a6c39d75baeab673e3519f820c1?s=30&#038;d=mm&#038;r=g' srcset='https:\/\/secure.gravatar.com\/avatar\/a64243aaba1f7ce5f53bc4f4b43f2dbbb68b2a6c39d75baeab673e3519f820c1?s=60&#038;d=mm&#038;r=g 2x' class='avatar avatar-30 photo circle' height='30' width='30' \/> <\/div>admin<\/li>\n\t\t\t\t\t\t   <li class=\"date\">21 spalio, 2020<\/li>\n\t\t\t\t\t\t <\/ul>\n\t\t\t\t\t<\/div>\n\t\t\t\t<\/div><\/div>   <\/div>\n<\/article>\t\t\t\t\t\t\t<\/div><!--post-->\n\t\t\t\t\t\t\t\t\t\t\t\t\t\t<div class=\"masonry-post post post-item col-xs-12 col-sm-6 col-md-6 col-lg-4 mo-blog-masonry-wrapper clearfix grid \">\n\t\t\t\t\t\t\t\t<article id=\"post-2158\" class=\"post-2158 post type-post status-publish format-standard has-post-thumbnail hentry category-uncategorized\">\n  <div class=\"grid-mid-post\">\n\t<div class=\"format-post\">\n\t\t\t\t\t<figure>\n\t\t\t\t\t   <a href=\"https:\/\/kajokas.lt\/?p=2158\"><img loading=\"lazy\" decoding=\"async\" width=\"480\" height=\"380\" src=\"https:\/\/kajokas.lt\/wp-content\/uploads\/2020\/10\/green-energy-480x380.jpg\" class=\"attachment-ruya-small size-ruya-small lazy-img wp-post-image\" alt=\"\" data-src=\"https:\/\/kajokas.lt\/wp-content\/uploads\/2020\/10\/green-energy-480x380.jpg\" \/><\/a>\n\t\t\t\t\t   <a class=\"cat-name\" href=\"https:\/\/kajokas.lt\/?cat=1\">Uncategorized<\/a>\n\t\t\t\t\t<\/figure>\n\t\t\t\t<div class=\"info-post\">\n\t\t\t\t\t<h3 class=\"post-title\"><a href=\"https:\/\/kajokas.lt\/?p=2158\"> Ar apsimoka investuoti \u012f \u017eali\u0105j\u0105 energetik\u0105?<\/a><\/h3>\n\t\t\t\t\t<p> Ar apsimoka investuoti \u012f \u017eali\u0105j\u0105 energetik\u0105? (www.seb.lt) Pasaulio energetika d\u0117l \u012fvairi\u0173 prie\u017eas\u010di\u0173 \u2013 teisini\u0173 reguliavim\u0173, geopolitini\u0173 motyv\u0173 ir<\/p>\n\t\t\t\t\t<div class=\"footer-info-post\">\n\t\t\t\t\t\t<ul class=\"meta-post\">\n\t\t\t\t\t\t   <li><div class=\"avatar\"> <img alt='admin' src='https:\/\/secure.gravatar.com\/avatar\/a64243aaba1f7ce5f53bc4f4b43f2dbbb68b2a6c39d75baeab673e3519f820c1?s=30&#038;d=mm&#038;r=g' srcset='https:\/\/secure.gravatar.com\/avatar\/a64243aaba1f7ce5f53bc4f4b43f2dbbb68b2a6c39d75baeab673e3519f820c1?s=60&#038;d=mm&#038;r=g 2x' class='avatar avatar-30 photo circle' height='30' width='30' \/> <\/div>admin<\/li>\n\t\t\t\t\t\t   <li class=\"date\">21 spalio, 2020<\/li>\n\t\t\t\t\t\t <\/ul>\n\t\t\t\t\t<\/div>\n\t\t\t\t<\/div><\/div>   <\/div>\n<\/article>\t\t\t\t\t\t\t<\/div><!--post-->\n\t\t\t\t\t\t\t                        <\/div>\n\t\t      <div class=\"clearfix\"><\/div>\n\t\t\t           <\/div><!-- end row grid-masonry  -->\n         <\/div><!-- end  more-posts-wrapper -->\n       [\/vc_column_inner][\/vc_row_inner][\/vc_column][\/vc_row][vc_row css=&#8221;.vc_custom_1566948272327{padding-top: 30px !important;padding-bottom: 50px !important;background-color: #fbf5f1 !important;}&#8221;][vc_column][vc_row_inner css=&#8221;.vc_custom_1566945531480{padding-right: 10% !important;padding-left: 10% !important;}&#8221;][vc_column_inner width=&#8221;1\/4&#8243;]   <div class=\"counter-number style1 \">\n     <i class=\"icon-streetsign\"><\/i><h3 class=\"counter\">1993<\/h3><span class=\"symbol\">m.<\/span><h6>\u012esik\u016br\u0117<\/h6>   <\/div>\n    [\/vc_column_inner][vc_column_inner width=&#8221;1\/4&#8243;]   <div class=\"counter-number style1 \">\n     <i class=\"icon-ribbon\"><\/i><h3 class=\"counter\">5000<\/h3><span class=\"symbol\">+<\/span><h6>\u012egyvendint\u0173 projekt\u0173<\/h6>   <\/div>\n    [\/vc_column_inner][vc_column_inner width=&#8221;1\/4&#8243;]   <div class=\"counter-number style1 \">\n     <i class=\"icon-trophy\"><\/i><h3 class=\"counter\">20<\/h3><span class=\"symbol\">+<\/span><h6>Atestatai ir licencijos<\/h6>   <\/div>\n    [\/vc_column_inner][vc_column_inner width=&#8221;1\/4&#8243;]   <div class=\"counter-number style1 \">\n     <i class=\"icon-happy\"><\/i><h3 class=\"counter\">5000<\/h3><span class=\"symbol\">+<\/span><h6>Patenkint\u0173 klient\u0173<\/h6>   <\/div>\n    [\/vc_column_inner][\/vc_row_inner][\/vc_column][\/vc_row]<\/p>\n<\/div>","protected":false},"excerpt":{"rendered":"<p>[vc_row full_width=&#8221;stretch_row_content_no_spaces&#8221; content_animation=&#8221;yes&#8221; mo_init_scale_x=&#8221;1&#8243; mo_init_scale_y=&#8221;1&#8243; mo_init_scale_z=&#8221;1&#8243; mo_init_opacity=&#8221;1&#8243; mo_an_scale_x=&#8221;1&#8243; mo_an_scale_y=&#8221;1&#8243; mo_an_scale_z=&#8221;1&#8243; mo_an_opacity=&#8221;1&#8243; mo_color_separator=&#8221;#81d742&#8243; separator_color=&#8221;primary&#8221; row_separator_color=&#8221;secondary&#8221; mo_duration=&#8221;555&#8243; mo_start_delay=&#8221;50&#8243; mo_delay=&#8221;55&#8243; css=&#8221;.vc_custom_1603448959220{padding-top: 100px !important;padding-bottom: 100px !important;background-color: #e4edf1 !important;}&#8221; el_class=&#8221;tablet_column_full tablet_no_padding&#8221; el_id=&#8221;NAUJIENOS&#8221; mo_init_values=&#8221;&#8221; mo_animations_values=&#8221;&#8221;][vc_column css_animation=&#8221;none&#8221; css=&#8221;.vc_custom_1566847586515{padding-top: 50px !important;padding-right: 15% !important;padding-left: 16% !important;}&#8221;][vc_row_inner][vc_column_inner][\/vc_column_inner][\/vc_row_inner][\/vc_column][\/vc_row][vc_row css=&#8221;.vc_custom_1566948272327{padding-top: 30px !important;padding-bottom: 50px !important;background-color: #fbf5f1 !important;}&#8221;][vc_column][vc_row_inner css=&#8221;.vc_custom_1566945531480{padding-right: 10% !important;padding-left: 10% !important;}&#8221;][vc_column_inner width=&#8221;1\/4&#8243;][\/vc_column_inner][vc_column_inner width=&#8221;1\/4&#8243;][\/vc_column_inner][vc_column_inner width=&#8221;1\/4&#8243;][\/vc_column_inner][vc_column_inner width=&#8221;1\/4&#8243;][\/vc_column_inner][\/vc_row_inner][\/vc_column][\/vc_row]<\/p>\n","protected":false},"author":1,"featured_media":0,"parent":0,"menu_order":0,"comment_status":"closed","ping_status":"closed","template":"","meta":{"footnotes":""},"class_list":["post-1980","page","type-page","status-publish","hentry"],"_links":{"self":[{"href":"https:\/\/kajokas.lt\/index.php?rest_route=\/wp\/v2\/pages\/1980","targetHints":{"allow":["GET"]}}],"collection":[{"href":"https:\/\/kajokas.lt\/index.php?rest_route=\/wp\/v2\/pages"}],"about":[{"href":"https:\/\/kajokas.lt\/index.php?rest_route=\/wp\/v2\/types\/page"}],"author":[{"embeddable":true,"href":"https:\/\/kajokas.lt\/index.php?rest_route=\/wp\/v2\/users\/1"}],"replies":[{"embeddable":true,"href":"https:\/\/kajokas.lt\/index.php?rest_route=%2Fwp%2Fv2%2Fcomments&post=1980"}],"version-history":[{"count":7,"href":"https:\/\/kajokas.lt\/index.php?rest_route=\/wp\/v2\/pages\/1980\/revisions"}],"predecessor-version":[{"id":2262,"href":"https:\/\/kajokas.lt\/index.php?rest_route=\/wp\/v2\/pages\/1980\/revisions\/2262"}],"wp:attachment":[{"href":"https:\/\/kajokas.lt\/index.php?rest_route=%2Fwp%2Fv2%2Fmedia&parent=1980"}],"curies":[{"name":"wp","href":"https:\/\/api.w.org\/{rel}","templated":true}]}}