{"id":354,"date":"2019-10-09T22:06:07","date_gmt":"2019-10-09T22:06:07","guid":{"rendered":"http:\/\/motivoweb.com\/ruya\/demo\/?page_id=354"},"modified":"2024-08-21T10:43:46","modified_gmt":"2024-08-21T10:43:46","slug":"construction","status":"publish","type":"page","link":"https:\/\/kajokas.lt\/","title":{"rendered":"Pagrindinis"},"content":{"rendered":"<div class=\"wpb-content-wrapper\"><p>[vc_row full_width=&#8221;stretch_row_content&#8221;][vc_column][rev_slider_vc alias=&#8221;construction&#8221;][\/vc_column][\/vc_row][vc_row css=&#8221;.vc_custom_1566948272327{padding-top: 30px !important;padding-bottom: 50px !important;background-color: #fbf5f1 !important;}&#8221;][vc_column][vc_row_inner css=&#8221;.vc_custom_1566945531480{padding-right: 10% !important;padding-left: 10% !important;}&#8221;][vc_column_inner width=&#8221;1\/4&#8243;]   <div class=\"counter-number style1 \">\n     <i class=\"icon-streetsign\"><\/i><h3 class=\"counter\">1993<\/h3><span class=\"symbol\">m.<\/span><h6>\u012esik\u016br\u0117<\/h6>   <\/div>\n    [\/vc_column_inner][vc_column_inner width=&#8221;1\/4&#8243;]   <div class=\"counter-number style1 \">\n     <i class=\"icon-ribbon\"><\/i><h3 class=\"counter\">5000<\/h3><span class=\"symbol\">+<\/span><h6>\u012egyvendint\u0173 projekt\u0173<\/h6>   <\/div>\n    [\/vc_column_inner][vc_column_inner width=&#8221;1\/4&#8243;]   <div class=\"counter-number style1 \">\n     <i class=\"icon-trophy\"><\/i><h3 class=\"counter\">20<\/h3><span class=\"symbol\">+<\/span><h6>Atestatai ir licencijos<\/h6>   <\/div>\n    [\/vc_column_inner][vc_column_inner width=&#8221;1\/4&#8243;]   <div class=\"counter-number style1 \">\n     <i class=\"icon-happy\"><\/i><h3 class=\"counter\">5000<\/h3><span class=\"symbol\">+<\/span><h6>Patenkint\u0173 klient\u0173<\/h6>   <\/div>\n    [\/vc_column_inner][\/vc_row_inner][\/vc_column][\/vc_row][vc_row css=&#8221;.vc_custom_1603448824824{padding-top: 100px !important;padding-bottom: 100px !important;background-color: #e4edf1 !important;}&#8221; el_class=&#8221;tablet_column_full tablet_no_padding&#8221; el_id=&#8221;MUSU TEIKIAMOS PASLAUGOS&#8221;][vc_column width=&#8221;2\/5&#8243; el_class=&#8221;container-border&#8221; css=&#8221;.vc_custom_1603202115027{padding-top: 80px !important;}&#8221; el_id=&#8221;mazinti-tarpa&#8221;][vc_single_image image=&#8221;2130&#8243; img_size=&#8221;full&#8221; css_animation=&#8221;fadeInLeft&#8221;][\/vc_column][vc_column width=&#8221;3\/5&#8243; css=&#8221;.vc_custom_1601995103128{padding-top: 50px !important;padding-left: 100px !important;}&#8221;]       \n      <div class=\"mo-title-box title-box-style3  text-left\"  ><h3>M\u016bs\u0173 teikiamos paslaugos<\/h3> <\/div>\n    [vc_column_text css_animation=&#8221;fadeIn&#8221;]Mes dirbame visoje Lietuvos teritorijoje ir siekiame pasi\u016blyti auk\u0161\u010diausi\u0105 kokyb\u0119 u\u017e prieinam\u0105 kain\u0105. \u012emon\u0117 yra atestuota, turinti visus savo teikiamoms paslaugoms reikalingus leidimus, atestatus ir licencijas.[\/vc_column_text][vc_row_inner][vc_column_inner width=&#8221;1\/2&#8243;]\t <div class=\"lists\">\n\t\t<div class=\"list-inner\">\n\t\t\t<div class=\"list-content list  \">\n\t\t\t\t\t\t\t\t\t<ul class=\"list-style list-style1\" style=\"font-size:16px; line-height:32px; color:#92959c\">\n\t\t\t\t\t\t\t\t\t\t\t\t\t<li>Montavimo darbai - elektrotechnikos iki 10 kV \u012ftampos, elektroniniai ry\u0161iai (telekomunikacijos), apsaugin\u0117 signalizacija, gaisrin\u0117 signalizacija, proces\u0173 valdymas ir automatizacija;<\/li>\t\t\t\t\t\t\t\t\t\t\t\t\t<li>Elektros \u012frengini\u0173 prie\u017ei\u016bra, remontas, eksploatavimas ir operatyvus gedim\u0173 \u0161alinimas;<\/li>\t\t\t\t\t\t\t\t\t\t\t<\/ul>\n\t\t\t\t\t\t\t<\/div>\n\t\t<\/div>\n\t<\/div>   \n    [\/vc_column_inner][vc_column_inner width=&#8221;1\/2&#8243;]\t <div class=\"lists\">\n\t\t<div class=\"list-inner\">\n\t\t\t<div class=\"list-content list  \">\n\t\t\t\t\t\t\t\t\t<ul class=\"list-style list-style1\" style=\"font-size:16px; line-height:32px; color:#92959c\">\n\t\t\t\t\t\t\t\t\t\t\t\t\t<li>Projektavimo darbai - elektrotechnikos iki 10 kV \u012ftampos, elektroniniai ry\u0161iai (telekomunikacijos), apsaugin\u0117 signalizacija, gaisrin\u0117 signalizacija, proces\u0173 valdymas ir automatizacija;<\/li>\t\t\t\t\t\t\t\t\t\t\t\t\t<li>Projekt\u0173 valdymas, prie\u017ei\u016bra, konsultavimas;<\/li>\t\t\t\t\t\t\t\t\t\t\t\t\t<li>Atsinaujinantys \u0161altiniai;<\/li>\t\t\t\t\t\t\t\t\t\t\t\t\t<li>S\u0105matiniai skai\u010diavimai, projekt\u0173 ekonomin\u0117s dalies vertinimas;<\/li>\t\t\t\t\t\t\t\t\t\t\t<\/ul>\n\t\t\t\t\t\t\t<\/div>\n\t\t<\/div>\n\t<\/div>   \n    [\/vc_column_inner][\/vc_row_inner][\/vc_column][\/vc_row][vc_row content_animation=&#8221;yes&#8221; mo_init_scale_x=&#8221;1&#8243; mo_init_scale_y=&#8221;1&#8243; mo_init_scale_z=&#8221;1&#8243; mo_init_opacity=&#8221;0&#8243; mo_an_scale_x=&#8221;1&#8243; mo_an_scale_y=&#8221;1&#8243; mo_an_scale_z=&#8221;1&#8243; mo_an_opacity=&#8221;1&#8243; css=&#8221;.vc_custom_1603448793858{padding-top: 100px !important;}&#8221; mo_init_translate_y=&#8221;67&#8243; mo_init_translate_z=&#8221;-123&#8243; mo_init_rotate_x=&#8221;-27&#8243; el_class=&#8221;tablet_column_full&#8221; el_id=&#8221;ATLIKTI DARBAI&#8221;][vc_column]       \n      <div class=\"mo-title-box title-box-style3  text-center\"  ><h3>M\u016bs\u0173 atlikti darbai<\/h3> <\/div>\n    [vc_row_inner css=&#8221;.vc_custom_1602672594977{margin-top: 50px !important;padding-bottom: 50px !important;}&#8221;][vc_column_inner width=&#8221;1\/3&#8243;]\t<div class=\"image-box  image-box-style9\">\n         <div class=\"thumb-service\" style=\"background-image: url(https:\/\/kajokas.lt\/wp-content\/uploads\/2020\/10\/snow_arena.png)\"><\/div>\t\n<div class=\"title-wrap\">\n  <h6>Snow Arena<\/h6><div class=\"content\"><strong>Nemuno kelias 2, Mizar\u0173 kaimas.<\/strong><\/p>\n<p>10-0,4kV elektrotechnin\u0117s, elektronini\u0173 ry\u0161i\u0173, apsaugos ir gaisrin\u0117s signalizacijos, automatizacijos dali\u0173 projektavimo ir montavimo dabai.<\/div><a class=\"button btn-txt btn-txt-circle dark hr_primary\" href=\"\" target=\"_self\"><span class=\"button-text\">Read More<\/span> <span class=\"button-arrow\"><span class=\"button-icon\"><i class=\"ion-ios-arrow-right\"><\/i><\/span><\/span><\/a> <\/div>\t<\/div>\n    [\/vc_column_inner][vc_column_inner width=&#8221;1\/3&#8243;]\t<div class=\"image-box  image-box-style9\">\n         <div class=\"thumb-service\" style=\"background-image: url(https:\/\/kajokas.lt\/wp-content\/uploads\/2020\/10\/flores.png)\"><\/div>\t\n<div class=\"title-wrap\">\n  <h6>UAB Druskinink\u0173 sveikatinimo ir poilsio centro \u201eAQUA\u201c vie\u0161butis<\/h6><div class=\"content\"><strong>Vilniaus al.13, Druskininkai.<\/strong><\/p>\n<p>10-0,4kV elektrotechnin\u0117s, elektronini\u0173 ry\u0161i\u0173, apsaugos ir gaisrin\u0117s signalizacijos, automatizacijos projektavimo ir montavimo dabai.<\/div><a class=\"button btn-txt btn-txt-circle dark hr_primary\" href=\"#\" target=\"_self\"><span class=\"button-text\">Read More<\/span> <span class=\"button-arrow\"><span class=\"button-icon\"><i class=\"ion-ios-arrow-right\"><\/i><\/span><\/span><\/a> <\/div>\t<\/div>\n    [\/vc_column_inner][vc_column_inner width=&#8221;1\/3&#8243;]\t<div class=\"image-box  image-box-style9\">\n         <div class=\"thumb-service\" style=\"background-image: url(https:\/\/kajokas.lt\/wp-content\/uploads\/2020\/10\/aqua.png)\"><\/div>\t\n<div class=\"title-wrap\">\n  <h6>UAB Druskinink\u0173 sveikatinimo ir poilsio centras \u201cAQUA\u201d<\/h6><div class=\"content\"><strong>Vilniaus al.13, Druskininkai.<\/strong><\/p>\n<p>10-0,4 kV elektrotechnin\u0117s dalies projektavimo-montavimo darbai.<\/div><a class=\"button btn-txt btn-txt-circle dark hr_primary\" href=\"\" target=\"_self\"><span class=\"button-text\">Read More<\/span> <span class=\"button-arrow\"><span class=\"button-icon\"><i class=\"ion-ios-arrow-right\"><\/i><\/span><\/span><\/a> <\/div>\t<\/div>\n    [\/vc_column_inner][\/vc_row_inner][vc_row_inner css=&#8221;.vc_custom_1602672601241{padding-bottom: 50px !important;}&#8221;][vc_column_inner]     <div class=\"text-center \">\n       <a class=\"button btn-txt btn-txt-circle primary hr_primary bg_primary bg_hr_primary outline_grey outline_hr_grey large radius0 linear\"  href=\"https:\/\/kajokas.lt\/?page_id=1851\" target=\"_self\"><span class=\"button-text\">DAUGIAU ATLIKT\u0172 DARB\u0172<\/span>\n                    <span class=\"button-arrow\"><span class=\"button-icon\"><i class=\"ion-ios-arrow-right\"><\/i><\/span><\/span>        <\/a> \n\t <\/div>\n    [\/vc_column_inner][\/vc_row_inner][\/vc_column][\/vc_row][vc_row full_width=&#8221;stretch_row_content_no_spaces&#8221; content_animation=&#8221;yes&#8221; mo_init_scale_x=&#8221;1&#8243; mo_init_scale_y=&#8221;1&#8243; mo_init_scale_z=&#8221;1&#8243; mo_init_opacity=&#8221;1&#8243; mo_an_scale_x=&#8221;1&#8243; mo_an_scale_y=&#8221;1&#8243; mo_an_scale_z=&#8221;1&#8243; mo_an_opacity=&#8221;1&#8243; mo_color_separator=&#8221;#81d742&#8243; separator_color=&#8221;primary&#8221; row_separator_color=&#8221;secondary&#8221; mo_duration=&#8221;555&#8243; mo_start_delay=&#8221;50&#8243; mo_delay=&#8221;55&#8243; css=&#8221;.vc_custom_1603448771457{padding-top: 100px !important;padding-bottom: 100px !important;background-color: #e4edf1 !important;}&#8221; el_class=&#8221;tablet_column_full tablet_no_padding&#8221; el_id=&#8221;APIE MUS&#8221;][vc_column css_animation=&#8221;none&#8221; width=&#8221;2\/3&#8243; css=&#8221;.vc_custom_1566847586515{padding-top: 50px !important;padding-right: 15% !important;padding-left: 16% !important;}&#8221;][vc_row_inner][vc_column_inner]       \n      <div class=\"mo-title-box title-box-style3  text-left\"  ><h3>Apie mus<\/h3> <\/div>\n    [vc_column_text css_animation=&#8221;fadeIn&#8221;]<\/p>\n<p style=\"text-align: justify;\"><strong>Romualdo Kajoko Individuali \u012emon\u0117 savo veikl\u0105 prad\u0117jo 1993 m. <\/strong><\/p>\n<p style=\"text-align: justify;\">Nuo pat \u012fmon\u0117s \u012fk\u016brimo siek\u0117me pa\u010dio geriausio rezultato ir po\u017ei\u016brio \u012f teikiamas paslaugas, abipusiai naudingo bendradarbiavimo su klientais ir partneriais, tai leido bendrovei u\u017etikrinti ger\u0105 vard\u0105 Lietuvos elektrotechnikos paslaug\u0173 rinkoje.<\/p>\n<p style=\"text-align: justify;\">\u012emon\u0117je dirba auk\u0161tos kvalifikacijos specialistai, turintys didel\u0119 praktinio darbo patirt\u012f.<\/p>\n<p style=\"text-align: justify;\">Romualdo Kajoko individuali \u012fmon\u0117 darbus atlieka taikydama \u0161iuolaikines technologijas.<\/p>\n<p style=\"text-align: justify;\">Mes dirbame visoje Lietuvos teritorijoje ir siekiame pasi\u016blyti auk\u0161\u010diausi\u0105 kokyb\u0119 u\u017e prieinam\u0105 kain\u0105.<\/p>\n<p style=\"text-align: justify;\">\u012emon\u0117 yra atestuota, turinti visus savo teikiamoms paslaugoms reikalingus leidimus, atestatus ir licencijas.<\/p>\n<p>[\/vc_column_text]     <div class=\"text-left \">\n       <a class=\"button btn-txt btn-txt-circle primary hr_primary bg_primary bg_hr_primary outline_grey outline_hr_grey large radius0 linear\"  href=\"https:\/\/kajokas.lt\/?page_id=1709\" target=\"_self\"><span class=\"button-text\">SUSISIEKTI<\/span>\n                    <span class=\"button-arrow\"><span class=\"button-icon\"><i class=\"ion-ios-arrow-right\"><\/i><\/span><\/span>        <\/a> \n\t <\/div>\n    [\/vc_column_inner][\/vc_row_inner][\/vc_column][vc_column width=&#8221;1\/3&#8243; parallax_animation=&#8221;yes&#8221; scale_from_x=&#8221;1&#8243; scale_from_y=&#8221;1&#8243; scale_from_z=&#8221;1&#8243; from_opacity=&#8221;1&#8243; scale_to_x=&#8221;1&#8243; scale_to_y=&#8221;1&#8243; scale_to_z=&#8221;1&#8243; to_opacity=&#8221;1&#8243; translate_from_y=&#8221;54&#8243; translate_to_y=&#8221;-73&#8243; css=&#8221;.vc_custom_1602792297176{padding-top: 75px !important;}&#8221;][vc_single_image image=&#8221;1961&#8243; img_size=&#8221;full&#8221; onclick=&#8221;link_image&#8221; css_animation=&#8221;fadeInLeft&#8221;][\/vc_column][\/vc_row][vc_row css=&#8221;.vc_custom_1603448807801{padding-top: 30px !important;padding-bottom: 50px !important;background-color: #fbf5f1 !important;}&#8221; el_id=&#8221;NAUJIENOS&#8221;][vc_column]       \n      <div class=\"mo-title-box title-box-style3  text-center\"  ><h3>NAUDINGA INFORMACIJA<\/h3> <\/div>\n    [vc_row_inner css=&#8221;.vc_custom_1566945531480{padding-right: 10% !important;padding-left: 10% !important;}&#8221;][vc_column_inner]    <div class=\"blog-posts more-posts-wrapper\"> \n            <div class=\"row grid-masonry\">\n\t\t\t\t\t\t<div class=\"posts masonry-posts\">\n\t\t\t\t\t\t\t \t\t\t\t\t\t\t<div class=\"masonry-post post post-item col-xs-12 col-sm-6 col-md-6 col-lg-4 mo-blog-masonry-wrapper clearfix grid \">\n\t\t\t\t\t\t\t\t<article id=\"post-2025\" class=\"post-2025 post type-post status-publish format-standard has-post-thumbnail hentry category-uncategorized\">\n  <div class=\"grid-mid-post\">\n\t<div class=\"format-post\">\n\t\t\t\t\t<figure>\n\t\t\t\t\t   <a href=\"https:\/\/kajokas.lt\/?p=2025\"><img loading=\"lazy\" decoding=\"async\" width=\"480\" height=\"380\" src=\"https:\/\/kajokas.lt\/wp-content\/uploads\/2020\/10\/termovizija-1-480x380.jpg\" class=\"attachment-ruya-small size-ruya-small lazy-img wp-post-image\" alt=\"\" data-src=\"https:\/\/kajokas.lt\/wp-content\/uploads\/2020\/10\/termovizija-1-480x380.jpg\" \/><\/a>\n\t\t\t\t\t   <a class=\"cat-name\" href=\"https:\/\/kajokas.lt\/?cat=1\">Uncategorized<\/a>\n\t\t\t\t\t<\/figure>\n\t\t\t\t<div class=\"info-post\">\n\t\t\t\t\t<h3 class=\"post-title\"><a href=\"https:\/\/kajokas.lt\/?p=2025\"> Elektros \u016bkio prie\u017ei\u016bra<\/a><\/h3>\n\t\t\t\t\t<p> Elektros \u016bkio prie\u017ei\u016bra Ie\u0161kote, kam patik\u0117ti J\u016bs\u0173 \u012fmon\u0117s elektros \u016bkio prie\u017ei\u016br\u0105? Kvalifikuota m\u016bs\u0173 in\u017einieri\u0173 komanda pasirengusi Jums pad\u0117ti<\/p>\n\t\t\t\t\t<div class=\"footer-info-post\">\n\t\t\t\t\t\t<ul class=\"meta-post\">\n\t\t\t\t\t\t   <li><div class=\"avatar\"> <img alt='admin' src='https:\/\/secure.gravatar.com\/avatar\/a64243aaba1f7ce5f53bc4f4b43f2dbbb68b2a6c39d75baeab673e3519f820c1?s=30&#038;d=mm&#038;r=g' srcset='https:\/\/secure.gravatar.com\/avatar\/a64243aaba1f7ce5f53bc4f4b43f2dbbb68b2a6c39d75baeab673e3519f820c1?s=60&#038;d=mm&#038;r=g 2x' class='avatar avatar-30 photo circle' height='30' width='30' \/> <\/div>admin<\/li>\n\t\t\t\t\t\t   <li class=\"date\">19 spalio, 2020<\/li>\n\t\t\t\t\t\t <\/ul>\n\t\t\t\t\t<\/div>\n\t\t\t\t<\/div><\/div>   <\/div>\n<\/article>\t\t\t\t\t\t\t<\/div><!--post-->\n\t\t\t\t\t\t\t\t\t\t\t\t\t\t<div class=\"masonry-post post post-item col-xs-12 col-sm-6 col-md-6 col-lg-4 mo-blog-masonry-wrapper clearfix grid \">\n\t\t\t\t\t\t\t\t<article id=\"post-2155\" class=\"post-2155 post type-post status-publish format-standard has-post-thumbnail hentry category-uncategorized\">\n  <div class=\"grid-mid-post\">\n\t<div class=\"format-post\">\n\t\t\t\t\t<figure>\n\t\t\t\t\t   <a href=\"https:\/\/kajokas.lt\/?p=2155\"><img loading=\"lazy\" decoding=\"async\" width=\"480\" height=\"380\" src=\"https:\/\/kajokas.lt\/wp-content\/uploads\/2020\/10\/HTB1bTOdXZfrK1RjSszcq6xGGFXak-480x380.jpg\" class=\"attachment-ruya-small size-ruya-small lazy-img wp-post-image\" alt=\"\" data-src=\"https:\/\/kajokas.lt\/wp-content\/uploads\/2020\/10\/HTB1bTOdXZfrK1RjSszcq6xGGFXak-480x380.jpg\" \/><\/a>\n\t\t\t\t\t   <a class=\"cat-name\" href=\"https:\/\/kajokas.lt\/?cat=1\">Uncategorized<\/a>\n\t\t\t\t\t<\/figure>\n\t\t\t\t<div class=\"info-post\">\n\t\t\t\t\t<h3 class=\"post-title\"><a href=\"https:\/\/kajokas.lt\/?p=2155\"> Reaktyvios galios kompensavimas<\/a><\/h3>\n\t\t\t\t\t<p> Reaktyvios galios kompensavimas\u00a0 \u00a0\u00a0\u00a0 \u012e klausim\u0105 o kam reikalinga kompensacija, atsakymas paprastas: suma\u017einti s\u0105skaitos u\u017e elektros energij\u0105 ir<\/p>\n\t\t\t\t\t<div class=\"footer-info-post\">\n\t\t\t\t\t\t<ul class=\"meta-post\">\n\t\t\t\t\t\t   <li><div class=\"avatar\"> <img alt='admin' src='https:\/\/secure.gravatar.com\/avatar\/a64243aaba1f7ce5f53bc4f4b43f2dbbb68b2a6c39d75baeab673e3519f820c1?s=30&#038;d=mm&#038;r=g' srcset='https:\/\/secure.gravatar.com\/avatar\/a64243aaba1f7ce5f53bc4f4b43f2dbbb68b2a6c39d75baeab673e3519f820c1?s=60&#038;d=mm&#038;r=g 2x' class='avatar avatar-30 photo circle' height='30' width='30' \/> <\/div>admin<\/li>\n\t\t\t\t\t\t   <li class=\"date\">21 spalio, 2020<\/li>\n\t\t\t\t\t\t <\/ul>\n\t\t\t\t\t<\/div>\n\t\t\t\t<\/div><\/div>   <\/div>\n<\/article>\t\t\t\t\t\t\t<\/div><!--post-->\n\t\t\t\t\t\t\t\t\t\t\t\t\t\t<div class=\"masonry-post post post-item col-xs-12 col-sm-6 col-md-6 col-lg-4 mo-blog-masonry-wrapper clearfix grid \">\n\t\t\t\t\t\t\t\t<article id=\"post-2158\" class=\"post-2158 post type-post status-publish format-standard has-post-thumbnail hentry category-uncategorized\">\n  <div class=\"grid-mid-post\">\n\t<div class=\"format-post\">\n\t\t\t\t\t<figure>\n\t\t\t\t\t   <a href=\"https:\/\/kajokas.lt\/?p=2158\"><img loading=\"lazy\" decoding=\"async\" width=\"480\" height=\"380\" src=\"https:\/\/kajokas.lt\/wp-content\/uploads\/2020\/10\/green-energy-480x380.jpg\" class=\"attachment-ruya-small size-ruya-small lazy-img wp-post-image\" alt=\"\" data-src=\"https:\/\/kajokas.lt\/wp-content\/uploads\/2020\/10\/green-energy-480x380.jpg\" \/><\/a>\n\t\t\t\t\t   <a class=\"cat-name\" href=\"https:\/\/kajokas.lt\/?cat=1\">Uncategorized<\/a>\n\t\t\t\t\t<\/figure>\n\t\t\t\t<div class=\"info-post\">\n\t\t\t\t\t<h3 class=\"post-title\"><a href=\"https:\/\/kajokas.lt\/?p=2158\"> Ar apsimoka investuoti \u012f \u017eali\u0105j\u0105 energetik\u0105?<\/a><\/h3>\n\t\t\t\t\t<p> Ar apsimoka investuoti \u012f \u017eali\u0105j\u0105 energetik\u0105? (www.seb.lt) Pasaulio energetika d\u0117l \u012fvairi\u0173 prie\u017eas\u010di\u0173 \u2013 teisini\u0173 reguliavim\u0173, geopolitini\u0173 motyv\u0173 ir<\/p>\n\t\t\t\t\t<div class=\"footer-info-post\">\n\t\t\t\t\t\t<ul class=\"meta-post\">\n\t\t\t\t\t\t   <li><div class=\"avatar\"> <img alt='admin' src='https:\/\/secure.gravatar.com\/avatar\/a64243aaba1f7ce5f53bc4f4b43f2dbbb68b2a6c39d75baeab673e3519f820c1?s=30&#038;d=mm&#038;r=g' srcset='https:\/\/secure.gravatar.com\/avatar\/a64243aaba1f7ce5f53bc4f4b43f2dbbb68b2a6c39d75baeab673e3519f820c1?s=60&#038;d=mm&#038;r=g 2x' class='avatar avatar-30 photo circle' height='30' width='30' \/> <\/div>admin<\/li>\n\t\t\t\t\t\t   <li class=\"date\">21 spalio, 2020<\/li>\n\t\t\t\t\t\t <\/ul>\n\t\t\t\t\t<\/div>\n\t\t\t\t<\/div><\/div>   <\/div>\n<\/article>\t\t\t\t\t\t\t<\/div><!--post-->\n\t\t\t\t\t\t\t                        <\/div>\n\t\t      <div class=\"clearfix\"><\/div>\n\t\t\t           <\/div><!-- end row grid-masonry  -->\n         <\/div><!-- end  more-posts-wrapper -->\n       [\/vc_column_inner][\/vc_row_inner][\/vc_column][\/vc_row]<\/p>\n<\/div>","protected":false},"excerpt":{"rendered":"<p>[vc_row full_width=&#8221;stretch_row_content&#8221;][vc_column][rev_slider_vc alias=&#8221;construction&#8221;][\/vc_column][\/vc_row][vc_row css=&#8221;.vc_custom_1566948272327{padding-top: 30px !important;padding-bottom: 50px !important;background-color: #fbf5f1 !important;}&#8221;][vc_column][vc_row_inner css=&#8221;.vc_custom_1566945531480{padding-right: 10% !important;padding-left: 10% !important;}&#8221;][vc_column_inner width=&#8221;1\/4&#8243;][\/vc_column_inner][vc_column_inner width=&#8221;1\/4&#8243;][\/vc_column_inner][vc_column_inner width=&#8221;1\/4&#8243;][\/vc_column_inner][vc_column_inner width=&#8221;1\/4&#8243;][\/vc_column_inner][\/vc_row_inner][\/vc_column][\/vc_row][vc_row css=&#8221;.vc_custom_1603448824824{padding-top: 100px !important;padding-bottom: 100px !important;background-color: #e4edf1 !important;}&#8221; el_class=&#8221;tablet_column_full tablet_no_padding&#8221; el_id=&#8221;MUSU TEIKIAMOS PASLAUGOS&#8221;][vc_column width=&#8221;2\/5&#8243; el_class=&#8221;container-border&#8221; css=&#8221;.vc_custom_1603202115027{padding-top: 80px !important;}&#8221; el_id=&#8221;mazinti-tarpa&#8221;][vc_single_image image=&#8221;2130&#8243; img_size=&#8221;full&#8221; css_animation=&#8221;fadeInLeft&#8221;][\/vc_column][vc_column width=&#8221;3\/5&#8243; css=&#8221;.vc_custom_1601995103128{padding-top: 50px !important;padding-left: 100px !important;}&#8221;][vc_column_text css_animation=&#8221;fadeIn&#8221;]Mes dirbame visoje Lietuvos teritorijoje ir siekiame pasi\u016blyti auk\u0161\u010diausi\u0105 [&hellip;]<\/p>\n","protected":false},"author":1,"featured_media":0,"parent":0,"menu_order":0,"comment_status":"closed","ping_status":"closed","template":"page-no-title-bar.php","meta":{"footnotes":""},"class_list":["post-354","page","type-page","status-publish","hentry"],"_links":{"self":[{"href":"https:\/\/kajokas.lt\/index.php?rest_route=\/wp\/v2\/pages\/354","targetHints":{"allow":["GET"]}}],"collection":[{"href":"https:\/\/kajokas.lt\/index.php?rest_route=\/wp\/v2\/pages"}],"about":[{"href":"https:\/\/kajokas.lt\/index.php?rest_route=\/wp\/v2\/types\/page"}],"author":[{"embeddable":true,"href":"https:\/\/kajokas.lt\/index.php?rest_route=\/wp\/v2\/users\/1"}],"replies":[{"embeddable":true,"href":"https:\/\/kajokas.lt\/index.php?rest_route=%2Fwp%2Fv2%2Fcomments&post=354"}],"version-history":[{"count":57,"href":"https:\/\/kajokas.lt\/index.php?rest_route=\/wp\/v2\/pages\/354\/revisions"}],"predecessor-version":[{"id":2307,"href":"https:\/\/kajokas.lt\/index.php?rest_route=\/wp\/v2\/pages\/354\/revisions\/2307"}],"wp:attachment":[{"href":"https:\/\/kajokas.lt\/index.php?rest_route=%2Fwp%2Fv2%2Fmedia&parent=354"}],"curies":[{"name":"wp","href":"https:\/\/api.w.org\/{rel}","templated":true}]}}